{"id":1564,"date":"2024-02-08T21:39:27","date_gmt":"2024-02-08T21:39:27","guid":{"rendered":"https:\/\/www.finansita.lt\/?page_id=1564"},"modified":"2024-02-08T21:51:58","modified_gmt":"2024-02-08T21:51:58","slug":"home-3","status":"publish","type":"page","link":"http:\/\/www.finansita.lt\/index.php\/en\/home-3\/","title":{"rendered":"Home"},"content":{"rendered":"\n<div class=\"wp-block-uagb-container uagb-block-83494d77 alignfull uagb-is-root-container\"><div class=\"uagb-container-inner-blocks-wrap\">\n<div class=\"wp-block-uagb-container uagb-block-eec09767\">\n<div class=\"wp-block-uagb-info-box uagb-block-3bcc7d51 uagb-infobox__content-wrap  uagb-infobox-icon-above-title uagb-infobox-image-valign-top\"><div class=\"uagb-ifb-content\"><div class=\"uagb-ifb-title-wrap\"><h1 class=\"uagb-ifb-title\">MB Finansita \u2013 Your Accounting Partner<\/h1><\/div><p class=\"uagb-ifb-desc\">A descriptive paragraph that tells clients how good you are and proves that you are the best choice that they\u2019ve made. <\/p><\/div><\/div>\n\n\n\n<div class=\"wp-block-uagb-icon-list uagb-block-b3fc6a5e\"><div class=\"uagb-icon-list__wrap\">\n<div class=\"wp-block-uagb-icon-list-child uagb-block-e9edc2ef\"><span class=\"uagb-icon-list__source-wrap\"><svg xmlns=\"https:\/\/www.w3.org\/2000\/svg\" viewBox=\"0 0 512 512\"><path d=\"M512 80C512 98.01 497.7 114.6 473.6 128C444.5 144.1 401.2 155.5 351.3 158.9C347.7 157.2 343.9 155.5 340.1 153.9C300.6 137.4 248.2 128 192 128C183.7 128 175.6 128.2 167.5 128.6L166.4 128C142.3 114.6 128 98.01 128 80C128 35.82 213.1 0 320 0C426 0 512 35.82 512 80V80zM160.7 161.1C170.9 160.4 181.3 160 192 160C254.2 160 309.4 172.3 344.5 191.4C369.3 204.9 384 221.7 384 240C384 243.1 383.3 247.9 381.9 251.7C377.3 264.9 364.1 277 346.9 287.3C346.9 287.3 346.9 287.3 346.9 287.3C346.8 287.3 346.6 287.4 346.5 287.5L346.5 287.5C346.2 287.7 345.9 287.8 345.6 288C310.6 307.4 254.8 320 192 320C132.4 320 79.06 308.7 43.84 290.9C41.97 289.9 40.15 288.1 38.39 288C14.28 274.6 0 258 0 240C0 205.2 53.43 175.5 128 164.6C138.5 163 149.4 161.8 160.7 161.1L160.7 161.1zM391.9 186.6C420.2 182.2 446.1 175.2 468.1 166.1C484.4 159.3 499.5 150.9 512 140.6V176C512 195.3 495.5 213.1 468.2 226.9C453.5 234.3 435.8 240.5 415.8 245.3C415.9 243.6 416 241.8 416 240C416 218.1 405.4 200.1 391.9 186.6V186.6zM384 336C384 354 369.7 370.6 345.6 384C343.8 384.1 342 385.9 340.2 386.9C304.9 404.7 251.6 416 192 416C129.2 416 73.42 403.4 38.39 384C14.28 370.6 .0003 354 .0003 336V300.6C12.45 310.9 27.62 319.3 43.93 326.1C83.44 342.6 135.8 352 192 352C248.2 352 300.6 342.6 340.1 326.1C347.9 322.9 355.4 319.2 362.5 315.2C368.6 311.8 374.3 308 379.7 304C381.2 302.9 382.6 301.7 384 300.6L384 336zM416 278.1C434.1 273.1 452.5 268.6 468.1 262.1C484.4 255.3 499.5 246.9 512 236.6V272C512 282.5 507 293 497.1 302.9C480.8 319.2 452.1 332.6 415.8 341.3C415.9 339.6 416 337.8 416 336V278.1zM192 448C248.2 448 300.6 438.6 340.1 422.1C356.4 415.3 371.5 406.9 384 396.6V432C384 476.2 298 512 192 512C85.96 512 .0003 476.2 .0003 432V396.6C12.45 406.9 27.62 415.3 43.93 422.1C83.44 438.6 135.8 448 192 448z\"><\/path><\/svg><\/span><span class=\"uagb-icon-list__label\">400+ Services Provided\u200b<\/span><\/div>\n\n\n\n<div class=\"wp-block-uagb-icon-list-child uagb-block-107758cb\"><span class=\"uagb-icon-list__source-wrap\"><svg xmlns=\"https:\/\/www.w3.org\/2000\/svg\" viewBox=\"0 0 448 512\"><path d=\"M224 256c70.7 0 128-57.31 128-128s-57.3-128-128-128C153.3 0 96 57.31 96 128S153.3 256 224 256zM274.7 304H173.3C77.61 304 0 381.6 0 477.3c0 19.14 15.52 34.67 34.66 34.67h378.7C432.5 512 448 496.5 448 477.3C448 381.6 370.4 304 274.7 304z\"><\/path><\/svg><\/span><span class=\"uagb-icon-list__label\">100+ Happy Clients<\/span><\/div>\n<\/div><\/div>\n\n\n\n<div class=\"wp-block-uagb-buttons uagb-buttons__outer-wrap uagb-btn__default-btn uagb-btn-tablet__default-btn uagb-btn-mobile__default-btn uagb-block-d2121323\"><div class=\"uagb-buttons__wrap uagb-buttons-layout-wrap\">\n<div class=\"wp-block-uagb-buttons-child uagb-buttons__outer-wrap uagb-block-b8d37670 wp-block-button is-style-outline\"><div class=\"uagb-button__wrapper\"><a class=\"uagb-buttons-repeater wp-block-button__link\" href=\"https:\/\/www.finansita.lt\/index.php\/en\/feedback\/\" onclick=\"return true;\" rel=\"follow noopener\" target=\"_self\"><div class=\"uagb-button__link\">Feedback<\/div><span class=\"uagb-button__icon uagb-button__icon-position-after\"><svg xmlns=\"https:\/\/www.w3.org\/2000\/svg\" viewBox=\"0 0 512 512\"><path d=\"M504.3 273.6l-112.1 104c-6.992 6.484-17.18 8.218-25.94 4.406c-8.758-3.812-14.42-12.45-14.42-21.1L351.9 288H32C14.33 288 .0002 273.7 .0002 255.1S14.33 224 32 224h319.9l0-72c0-9.547 5.66-18.19 14.42-22c8.754-3.809 18.95-2.075 25.94 4.41l112.1 104C514.6 247.9 514.6 264.1 504.3 273.6z\"><\/path><\/svg><\/span><\/a><\/div><\/div>\n<\/div><\/div>\n<\/div>\n\n\n\n<div class=\"wp-block-uagb-container uagb-block-bcb290f1\">\n<div class=\"wp-block-uagb-image uagb-block-5bdb9dae wp-block-uagb-image--layout-default wp-block-uagb-image--effect-static wp-block-uagb-image--align-none\"><figure class=\"wp-block-uagb-image__figure\"><img decoding=\"async\" srcset=\"http:\/\/www.finansita.lt\/wp-content\/uploads\/2023\/10\/medium-shot-women-working-together-2.png ,http:\/\/www.finansita.lt\/wp-content\/uploads\/2023\/10\/medium-shot-women-working-together-2.png 780w, http:\/\/www.finansita.lt\/wp-content\/uploads\/2023\/10\/medium-shot-women-working-together-2.png 360w\" sizes=\"auto, (max-width: 480px) 150px\" src=\"http:\/\/www.finansita.lt\/wp-content\/uploads\/2023\/10\/medium-shot-women-working-together-2.png\" alt=\"\" class=\"uag-image-1312\" width=\"640\" height=\"960\" title=\"\" loading=\"lazy\"\/><\/figure><\/div>\n<\/div>\n<\/div><\/div>\n\n\n\n<div class=\"wp-block-uagb-container uagb-block-48c4433d alignfull uagb-is-root-container\"><div class=\"uagb-container-inner-blocks-wrap\">\n<div class=\"wp-block-uagb-container uagb-block-efe157ef\"><\/div>\n\n\n\n<div class=\"wp-block-uagb-container uagb-block-48b87611\">\n<div class=\"wp-block-uagb-advanced-heading uagb-block-e3fc42bb\"><h3 class=\"uagb-heading-text\">MB Finansita<\/h3><p class=\"uagb-desc-text\">Accounting and tax consultancy firm. We have been successfully operating since 2004.<\/p><\/div>\n\n\n\n<div class=\"wp-block-uagb-social-share uagb-social-share__outer-wrap uagb-social-share__layout-horizontal uagb-block-66238ad7\">\n<div class=\"wp-block-uagb-social-share-child uagb-ss-repeater uagb-ss__wrapper uagb-block-2ed1c0e9\"><span class=\"uagb-ss__link\" data-href=\"https:\/\/www.facebook.com\/sharer.php?u=\" tabindex=\"0\" role=\"button\" aria-label=\"facebook\"><span class=\"uagb-ss__source-wrap\"><\/span><\/span><\/div>\n\n\n\n<div class=\"wp-block-uagb-social-share-child uagb-ss-repeater uagb-ss__wrapper uagb-block-02fb9b98\"><span class=\"uagb-ss__link\" data-href=\"https:\/\/twitter.com\/share?url=\" tabindex=\"0\" role=\"button\" aria-label=\"twitter\"><span class=\"uagb-ss__source-wrap\"><\/span><\/span><\/div>\n\n\n\n<div class=\"wp-block-uagb-social-share-child uagb-ss-repeater uagb-ss__wrapper uagb-block-bb1603d6\"><span class=\"uagb-ss__link\" data-href=\"https:\/\/pinterest.com\/pin\/create\/link\/?url=\" tabindex=\"0\" role=\"button\" aria-label=\"pinterest\"><span class=\"uagb-ss__source-wrap\"><\/span><\/span><\/div>\n\n\n\n<div class=\"wp-block-uagb-social-share-child uagb-ss-repeater uagb-ss__wrapper uagb-block-9760ae7a\"><span class=\"uagb-ss__link\" data-href=\"https:\/\/www.linkedin.com\/shareArticle?url=\" tabindex=\"0\" role=\"button\" aria-label=\"linkedin\"><span class=\"uagb-ss__source-wrap\"><\/span><\/span><\/div>\n<\/div>\n<\/div>\n<\/div><\/div>\n\n\n\n<div class=\"wp-block-uagb-container uagb-block-129ae133 alignfull uagb-is-root-container\"><div class=\"uagb-container-inner-blocks-wrap\">\n<div class=\"wp-block-uagb-container uagb-block-8d446807\">\n<div class=\"wp-block-uagb-container uagb-block-c5d069af\">\n<div class=\"wp-block-uagb-info-box uagb-block-701721ee uagb-infobox__content-wrap  uagb-infobox-icon-above-title uagb-infobox-image-valign-top\"><div class=\"uagb-ifb-content\"><div class=\"uagb-ifb-title-wrap\"><h2 class=\"uagb-ifb-title\">Services<\/h2><\/div><\/div><\/div>\n<\/div>\n\n\n\n<div class=\"wp-block-uagb-container uagb-block-047967bc\">\n<div class=\"wp-block-uagb-buttons uagb-buttons__outer-wrap uagb-btn__default-btn uagb-btn-tablet__default-btn uagb-btn-mobile__default-btn uagb-block-b2f38049\"><div class=\"uagb-buttons__wrap uagb-buttons-layout-wrap\">\n<div class=\"wp-block-uagb-buttons-child uagb-buttons__outer-wrap uagb-block-bf3d791b wp-block-button\"><div class=\"uagb-button__wrapper\"><a class=\"uagb-buttons-repeater wp-block-button__link\" href=\"https:\/\/www.finansita.lt\/index.php\/paslaugos\/\" onclick=\"return true;\" rel=\"follow noopener\" target=\"_self\"><div class=\"uagb-button__link\">Read More<\/div><span class=\"uagb-button__icon uagb-button__icon-position-after\"><svg xmlns=\"https:\/\/www.w3.org\/2000\/svg\" viewBox=\"0 0 448 512\"><path d=\"M438.6 278.6l-160 160C272.4 444.9 264.2 448 256 448s-16.38-3.125-22.62-9.375c-12.5-12.5-12.5-32.75 0-45.25L338.8 288H32C14.33 288 .0016 273.7 .0016 256S14.33 224 32 224h306.8l-105.4-105.4c-12.5-12.5-12.5-32.75 0-45.25s32.75-12.5 45.25 0l160 160C451.1 245.9 451.1 266.1 438.6 278.6z\"><\/path><\/svg><\/span><\/a><\/div><\/div>\n<\/div><\/div>\n<\/div>\n<\/div>\n\n\n\n<div class=\"wp-block-uagb-container uagb-block-d72a667b\">\n<div class=\"wp-block-uagb-info-box uagb-block-87da22bc uagb-infobox__content-wrap  uagb-infobox-icon-above-title uagb-infobox-image-valign-top\"><div class=\"uagb-ifb-content\"><div class=\"uagb-ifb-title-wrap\"><span class=\"uagb-ifb-title-prefix\">01.<\/span><h4 class=\"uagb-ifb-title\">Accounting Services<\/h4><\/div><p class=\"uagb-ifb-desc\">This is a short description elaborating the service you have mentioned above.\u200b<\/p><\/div><\/div>\n\n\n\n<div class=\"wp-block-uagb-info-box uagb-block-d970ed13 uagb-infobox__content-wrap  uagb-infobox-icon-above-title uagb-infobox-image-valign-top\"><div class=\"uagb-ifb-content\"><div class=\"uagb-ifb-title-wrap\"><span class=\"uagb-ifb-title-prefix\">02.<\/span><h4 class=\"uagb-ifb-title\">Tax and Business Advice<\/h4><\/div><p class=\"uagb-ifb-desc\">This is a short description elaborating the service you have mentioned above.\u200b<\/p><\/div><\/div>\n\n\n\n<div class=\"wp-block-uagb-info-box uagb-block-fcfe1cdf uagb-infobox__content-wrap  uagb-infobox-icon-above-title uagb-infobox-image-valign-top\"><div class=\"uagb-ifb-content\"><div class=\"uagb-ifb-title-wrap\"><span class=\"uagb-ifb-title-prefix\">03.<\/span><h4 class=\"uagb-ifb-title\">Financial Analysis Services<\/h4><\/div><p class=\"uagb-ifb-desc\">This is a short description elaborating the service you have mentioned above.\u200b<\/p><\/div><\/div>\n<\/div>\n<\/div><\/div>\n\n\n\n<div class=\"wp-block-uagb-container uagb-block-12093db5 alignfull uagb-is-root-container\"><div class=\"uagb-container-inner-blocks-wrap\">\n<div class=\"wp-block-uagb-container uagb-block-7285015e\">\n<div class=\"wp-block-uagb-info-box uagb-block-4269afcb uagb-infobox__content-wrap  uagb-infobox-icon-above-title uagb-infobox-image-valign-top\"><div class=\"uagb-ifb-content\"><div class=\"uagb-ifb-title-wrap\"><span class=\"uagb-ifb-title-prefix\">\u200b<\/span><h2 class=\"uagb-ifb-title\">About Us<\/h2><\/div><p class=\"uagb-ifb-desc\">M\u016bs\u0173 tikslas \u2013 kokybi\u0161ka, ai\u0161ki ir i\u0161sami apskaita, savalaik\u0117 informacija klientui. Verslui si\u016blome efektyvius ir \u0161iuolaiki\u0161kus sprendimus d\u0117l buhalterin\u0117s apskaitos,<\/p><\/div><\/div>\n\n\n\n<div class=\"wp-block-uagb-buttons uagb-buttons__outer-wrap uagb-btn__default-btn uagb-btn-tablet__default-btn uagb-btn-mobile__default-btn uagb-block-f21f630c\"><div class=\"uagb-buttons__wrap uagb-buttons-layout-wrap\">\n<div class=\"wp-block-uagb-buttons-child uagb-buttons__outer-wrap uagb-block-f3f94942 wp-block-button is-style-outline\"><div class=\"uagb-button__wrapper\"><a class=\"uagb-buttons-repeater wp-block-button__link\" href=\"https:\/\/www.finansita.lt\/index.php\/apie-mus\/\" onclick=\"return true;\" rel=\"follow noopener\" target=\"_self\"><div class=\"uagb-button__link\">Read More<\/div><span class=\"uagb-button__icon uagb-button__icon-position-after\"><svg xmlns=\"https:\/\/www.w3.org\/2000\/svg\" viewBox=\"0 0 512 512\"><path d=\"M504.3 273.6l-112.1 104c-6.992 6.484-17.18 8.218-25.94 4.406c-8.758-3.812-14.42-12.45-14.42-21.1L351.9 288H32C14.33 288 .0002 273.7 .0002 255.1S14.33 224 32 224h319.9l0-72c0-9.547 5.66-18.19 14.42-22c8.754-3.809 18.95-2.075 25.94 4.41l112.1 104C514.6 247.9 514.6 264.1 504.3 273.6z\"><\/path><\/svg><\/span><\/a><\/div><\/div>\n<\/div><\/div>\n<\/div>\n\n\n\n<div class=\"wp-block-uagb-container uagb-block-22a91194\">\n<div class=\"wp-block-uagb-image uagb-block-4443778e wp-block-uagb-image--layout-default wp-block-uagb-image--effect-static wp-block-uagb-image--align-none\"><figure class=\"wp-block-uagb-image__figure\"><img decoding=\"async\" srcset=\"http:\/\/www.finansita.lt\/wp-content\/uploads\/2023\/10\/close-up-woman-working-laptop-2.png ,http:\/\/www.finansita.lt\/wp-content\/uploads\/2023\/10\/close-up-woman-working-laptop-2.png 780w, http:\/\/www.finansita.lt\/wp-content\/uploads\/2023\/10\/close-up-woman-working-laptop-2.png 360w\" sizes=\"auto, (max-width: 480px) 150px\" src=\"http:\/\/www.finansita.lt\/wp-content\/uploads\/2023\/10\/close-up-woman-working-laptop-2.png\" alt=\"\" class=\"uag-image-1323\" width=\"800\" height=\"450\" title=\"\" loading=\"lazy\"\/><\/figure><\/div>\n<\/div>\n<\/div><\/div>\n","protected":false},"excerpt":{"rendered":"<p>MB Finansita Accounting and tax consultancy firm. We have been successfully operating since 2004.<\/p>\n","protected":false},"author":1,"featured_media":0,"parent":0,"menu_order":0,"comment_status":"closed","ping_status":"closed","template":"","meta":{"_uag_custom_page_level_css":"","site-sidebar-layout":"no-sidebar","site-content-layout":"plain-container","ast-site-content-layout":"normal-width-container","site-content-style":"unboxed","site-sidebar-style":"unboxed","ast-global-header-display":"","ast-banner-title-visibility":"","ast-main-header-display":"","ast-hfb-above-header-display":"","ast-hfb-below-header-display":"","ast-hfb-mobile-header-display":"","site-post-title":"disabled","ast-breadcrumbs-content":"","ast-featured-img":"disabled","footer-sml-layout":"","ast-disable-related-posts":"","theme-transparent-header-meta":"default","adv-header-id-meta":"","stick-header-meta":"","header-above-stick-meta":"","header-main-stick-meta":"","header-below-stick-meta":"","astra-migrate-meta-layouts":"set","ast-page-background-enabled":"default","ast-page-background-meta":{"desktop":{"background-color":"","background-image":"","background-repeat":"repeat","background-position":"center center","background-size":"auto","background-attachment":"scroll","background-type":"","background-media":"","overlay-type":"","overlay-color":"","overlay-opacity":"","overlay-gradient":""},"tablet":{"background-color":"","background-image":"","background-repeat":"repeat","background-position":"center center","background-size":"auto","background-attachment":"scroll","background-type":"","background-media":"","overlay-type":"","overlay-color":"","overlay-opacity":"","overlay-gradient":""},"mobile":{"background-color":"","background-image":"","background-repeat":"repeat","background-position":"center center","background-size":"auto","background-attachment":"scroll","background-type":"","background-media":"","overlay-type":"","overlay-color":"","overlay-opacity":"","overlay-gradient":""}},"ast-content-background-meta":{"desktop":{"background-color":"var(--ast-global-color-5)","background-image":"","background-repeat":"repeat","background-position":"center center","background-size":"auto","background-attachment":"scroll","background-type":"","background-media":"","overlay-type":"","overlay-color":"","overlay-opacity":"","overlay-gradient":""},"tablet":{"background-color":"var(--ast-global-color-5)","background-image":"","background-repeat":"repeat","background-position":"center center","background-size":"auto","background-attachment":"scroll","background-type":"","background-media":"","overlay-type":"","overlay-color":"","overlay-opacity":"","overlay-gradient":""},"mobile":{"background-color":"var(--ast-global-color-5)","background-image":"","background-repeat":"repeat","background-position":"center center","background-size":"auto","background-attachment":"scroll","background-type":"","background-media":"","overlay-type":"","overlay-color":"","overlay-opacity":"","overlay-gradient":""}},"footnotes":""},"class_list":["post-1564","page","type-page","status-publish","hentry"],"uagb_featured_image_src":{"full":false,"thumbnail":false,"medium":false,"medium_large":false,"large":false,"1536x1536":false,"2048x2048":false},"uagb_author_info":{"display_name":"admin","author_link":"http:\/\/www.finansita.lt\/index.php\/author\/admin\/"},"uagb_comment_info":0,"uagb_excerpt":"MB Finansita Accounting and tax consultancy firm. We have been successfully operating since 2004.","_links":{"self":[{"href":"http:\/\/www.finansita.lt\/index.php\/wp-json\/wp\/v2\/pages\/1564","targetHints":{"allow":["GET"]}}],"collection":[{"href":"http:\/\/www.finansita.lt\/index.php\/wp-json\/wp\/v2\/pages"}],"about":[{"href":"http:\/\/www.finansita.lt\/index.php\/wp-json\/wp\/v2\/types\/page"}],"author":[{"embeddable":true,"href":"http:\/\/www.finansita.lt\/index.php\/wp-json\/wp\/v2\/users\/1"}],"replies":[{"embeddable":true,"href":"http:\/\/www.finansita.lt\/index.php\/wp-json\/wp\/v2\/comments?post=1564"}],"version-history":[{"count":5,"href":"http:\/\/www.finansita.lt\/index.php\/wp-json\/wp\/v2\/pages\/1564\/revisions"}],"predecessor-version":[{"id":1575,"href":"http:\/\/www.finansita.lt\/index.php\/wp-json\/wp\/v2\/pages\/1564\/revisions\/1575"}],"wp:attachment":[{"href":"http:\/\/www.finansita.lt\/index.php\/wp-json\/wp\/v2\/media?parent=1564"}],"curies":[{"name":"wp","href":"https:\/\/api.w.org\/{rel}","templated":true}]}}