{"id":689,"date":"2020-08-21T06:04:32","date_gmt":"2020-08-21T06:04:32","guid":{"rendered":"http:\/\/www.finansita.lt\/index.php\/about\/"},"modified":"2023-10-19T14:33:01","modified_gmt":"2023-10-19T14:33:01","slug":"apie-mus","status":"publish","type":"page","link":"http:\/\/www.finansita.lt\/index.php\/apie-mus\/","title":{"rendered":"Apie mus"},"content":{"rendered":"\n<div class=\"wp-block-uagb-container uagb-block-2db72d83 alignfull uagb-is-root-container\"><div class=\"uagb-container-inner-blocks-wrap\">\n<div class=\"wp-block-uagb-advanced-heading uagb-block-3bd8dd32\"><h1 class=\"uagb-heading-text\">Apie mus<\/h1><\/div>\n<\/div><\/div>\n\n\n\n<div class=\"wp-block-uagb-container uagb-block-7bac3667 alignfull uagb-is-root-container\"><div class=\"uagb-container-inner-blocks-wrap\">\n<div class=\"wp-block-uagb-container uagb-block-12d7acaa\">\n<div class=\"wp-block-uagb-advanced-heading uagb-block-8c1ca290\"><h3 class=\"uagb-heading-text\">MB \u201eFinansita\u201c \u2013 J\u016bs\u0173 buhalterin\u0117s apskaitos partneris<\/h3><\/div>\n<\/div>\n\n\n\n<div class=\"wp-block-uagb-container uagb-block-3ead4cd4\">\n<div class=\"wp-block-uagb-advanced-heading uagb-block-ba0b48b7\"><p class=\"uagb-desc-text\">MB \u201eFinansita\u201c \u2013 buhalterin\u0117s apskaitos ir mokes\u010di\u0173 konsultant\u0173 \u012fmon\u0117. S\u0117kmingai dirbame nuo 2004 met\u0173. M\u016bs\u0173 tikslas \u2013 kokybi\u0161ka, ai\u0161ki ir i\u0161sami apskaita, savalaik\u0117 informacija klientui. Naudodami savo \u017einias ir praktik\u0105 siekiame pad\u0117ti verslui priimant sprendimus painioje Lietuvos mokes\u010di\u0173 sistemoje, \u012fvertinti galimus nenumatytus mokes\u010dius ir pasiruo\u0161ti galimiems pasikeitimams. Verslui si\u016blome efektyvius ir \u0161iuolaiki\u0161kus sprendimus d\u0117l buhalterin\u0117s apskaitos, kas taupo laik\u0105 ir padeda sukurti maksimali\u0105 naud\u0105 J\u016bs\u0173 verslui. Dirbame su Lietuvos, Italijos, Baltarusijos ir Ukrainos \u012fmon\u0117mis, labai nor\u0117tume dirbti ir su investuotojais i\u0161 Pranc\u016bzijos.<\/p><\/div>\n\n\n\n<div class=\"wp-block-uagb-container uagb-block-ed0b702e\">\n<div class=\"wp-block-uagb-container uagb-block-2982b0da\">\n<figure class=\"wp-block-image alignleft size-large\"><img loading=\"lazy\" decoding=\"async\" width=\"1024\" height=\"270\" src=\"https:\/\/www.finansita.lt\/wp-content\/uploads\/2023\/10\/lbaa-narys-logo_orig-1024x270.png\" alt=\"\" class=\"wp-image-1396\" srcset=\"http:\/\/www.finansita.lt\/wp-content\/uploads\/2023\/10\/lbaa-narys-logo_orig-1024x270.png 1024w, http:\/\/www.finansita.lt\/wp-content\/uploads\/2023\/10\/lbaa-narys-logo_orig-300x79.png 300w, http:\/\/www.finansita.lt\/wp-content\/uploads\/2023\/10\/lbaa-narys-logo_orig-768x202.png 768w, http:\/\/www.finansita.lt\/wp-content\/uploads\/2023\/10\/lbaa-narys-logo_orig.png 1097w\" sizes=\"auto, (max-width: 1024px) 100vw, 1024px\" \/><\/figure>\n<\/div>\n\n\n\n<div class=\"wp-block-uagb-container uagb-block-636c600c\">\n<figure class=\"wp-block-image alignleft size-full\"><img loading=\"lazy\" decoding=\"async\" width=\"210\" height=\"90\" src=\"https:\/\/www.finansita.lt\/wp-content\/uploads\/2023\/10\/fr2_orig.png\" alt=\"\" class=\"wp-image-1397\"\/><\/figure>\n<\/div>\n<\/div>\n<\/div>\n<\/div><\/div>\n\n\n\n<div class=\"wp-block-uagb-container uagb-block-687c1d77 alignfull uagb-is-root-container\"><div class=\"uagb-container-inner-blocks-wrap\">\n<div class=\"wp-block-uagb-info-box uagb-block-9f61b009 uagb-infobox__content-wrap  uagb-infobox-icon-above-title uagb-infobox-image-valign-top\"><div class=\"uagb-ifb-content\"><div class=\"uagb-ifb-title-wrap\"><span class=\"uagb-ifb-title-prefix\">Ai\u0161ki ir i\u0161sami apskaita<\/span><h5 class=\"uagb-ifb-title\">Auk\u0161ta kompetencija, kokybi\u0161kos paslaugos,&nbsp;d\u0117mesys&nbsp;smulkmenoms&nbsp;<\/h5><\/div><p class=\"uagb-ifb-desc\">I am text block. Click edit button to change this text. Lorem ipsum dolor sit amet, consectetur adipiscing elit. Ut elit tellus, luctus nec ullamcorper mattis, pulvinar dapibus leo.&nbsp;Duis aute irure dolor in reprehenderit in voluptate velit esse cillum dolore eu fugiat nulla pariatur. Excepteur sint occaecat cupidatat non proident, sunt in culpa qui officia deserunt mollit anim id est laborum.<\/p><\/div><\/div>\n\n\n\n<div class=\"wp-block-uagb-container uagb-block-1b41d904\">\n<figure class=\"wp-block-image alignwide size-full is-resized\"><img loading=\"lazy\" decoding=\"async\" width=\"800\" height=\"450\" src=\"http:\/\/www.finansita.lt\/wp-content\/uploads\/2023\/10\/business-concept-with-copy-space-office-desk-table-with-pen-focus-analysis-chart-computer-notebook-cup-coffee-desk-vintage-tone-retro-filter-selective-focus-2.png\" alt=\"\" class=\"wp-image-1328\" style=\"aspect-ratio:16\/9;object-fit:cover;width:undefinedpx;height:300px\" srcset=\"http:\/\/www.finansita.lt\/wp-content\/uploads\/2023\/10\/business-concept-with-copy-space-office-desk-table-with-pen-focus-analysis-chart-computer-notebook-cup-coffee-desk-vintage-tone-retro-filter-selective-focus-2.png 800w, http:\/\/www.finansita.lt\/wp-content\/uploads\/2023\/10\/business-concept-with-copy-space-office-desk-table-with-pen-focus-analysis-chart-computer-notebook-cup-coffee-desk-vintage-tone-retro-filter-selective-focus-2-300x169.png 300w, http:\/\/www.finansita.lt\/wp-content\/uploads\/2023\/10\/business-concept-with-copy-space-office-desk-table-with-pen-focus-analysis-chart-computer-notebook-cup-coffee-desk-vintage-tone-retro-filter-selective-focus-2-768x432.png 768w\" sizes=\"auto, (max-width: 800px) 100vw, 800px\" \/><\/figure>\n<\/div>\n\n\n\n<div class=\"wp-block-uagb-container uagb-block-51312cc4\">\n<div class=\"wp-block-uagb-container uagb-block-ad3321a3\">\n<div class=\"wp-block-uagb-advanced-heading uagb-block-d043355f\"><h3 class=\"uagb-heading-text\">Efektyv\u016bs ir \u0161iuolaiki\u0161ki sprendimai<\/h3><\/div>\n<\/div>\n\n\n\n<div class=\"wp-block-uagb-container uagb-block-dc4b9e5c\">\n<div class=\"wp-block-uagb-advanced-heading uagb-block-2e508ed0\"><p class=\"uagb-desc-text\">Epteur sint occaecat cupidatat non proident, sunt in culpa qui officia deserunt mollit anim id est laborum. Sed ut perspiciatis unde omnis iste natus error sit voluptatem accusantium doloremque laudantium, totam rem aperiam, eaque ipsa quae ab illo inventore veritatis et quasi architecto beatae vitae dicta sunt explicabo. Nemo enim ipsam voluptatem quia voluptas sit aspernatur aut odit aut fugit, sed quia consequuntur magni dolores eos qui ratione voluptatem sequi nesciunt. Neque porro quisquam est, qui dolorem ipsum quia dolor sit amet, consectetur, adipisci velit, sed quia non<\/p><\/div>\n\n\n\n<div class=\"wp-block-uagb-advanced-heading uagb-block-c406577c\"><p class=\"uagb-desc-text\">amet, consectetur, adipisci velit, sed quia non numquam eius modi tempora incidunt ut labore et dolore. Sed ut perspiciatis unde omnis iste natus error sit voluptatem accusantium doloremque laudantium, totam rem aperiam, eaque ipsa quae ab illo inventore veritatis et quasi architecto beatae vitae dicta sunt explicabo. Nemo enim ipsam voluptatem quia voluptas sit aspernatur aut odit aut fugit, sed quia consequuntur magni dolores eos qui ratione voluptatem sequi nesciunt.<\/p><\/div>\n<\/div>\n<\/div>\n<\/div><\/div>\n","protected":false},"excerpt":{"rendered":"<p>Apie mus MB \u201eFinansita\u201c \u2013 J\u016bs\u0173 buhalterin\u0117s apskaitos partneris MB \u201eFinansita\u201c \u2013 buhalterin\u0117s apskaitos ir mokes\u010di\u0173 konsultant\u0173 \u012fmon\u0117. S\u0117kmingai dirbame nuo 2004 met\u0173. M\u016bs\u0173 tikslas \u2013 kokybi\u0161ka, ai\u0161ki ir i\u0161sami apskaita, savalaik\u0117 informacija klientui. Naudodami savo \u017einias ir praktik\u0105 siekiame pad\u0117ti verslui priimant sprendimus painioje Lietuvos mokes\u010di\u0173 sistemoje, \u012fvertinti galimus nenumatytus mokes\u010dius ir pasiruo\u0161ti galimiems [&hellip;]<\/p>\n","protected":false},"author":1,"featured_media":0,"parent":0,"menu_order":0,"comment_status":"closed","ping_status":"closed","template":"","meta":{"_uag_custom_page_level_css":"","site-sidebar-layout":"no-sidebar","site-content-layout":"plain-container","ast-site-content-layout":"normal-width-container","site-content-style":"unboxed","site-sidebar-style":"unboxed","ast-global-header-display":"","ast-banner-title-visibility":"","ast-main-header-display":"","ast-hfb-above-header-display":"","ast-hfb-below-header-display":"","ast-hfb-mobile-header-display":"","site-post-title":"disabled","ast-breadcrumbs-content":"","ast-featured-img":"disabled","footer-sml-layout":"","ast-disable-related-posts":"","theme-transparent-header-meta":"enabled","adv-header-id-meta":"","stick-header-meta":"","header-above-stick-meta":"","header-main-stick-meta":"","header-below-stick-meta":"","astra-migrate-meta-layouts":"set","ast-page-background-enabled":"default","ast-page-background-meta":{"desktop":{"background-color":"","background-image":"","background-repeat":"repeat","background-position":"center center","background-size":"auto","background-attachment":"scroll","background-type":"","background-media":"","overlay-type":"","overlay-color":"","overlay-opacity":"","overlay-gradient":""},"tablet":{"background-color":"","background-image":"","background-repeat":"repeat","background-position":"center center","background-size":"auto","background-attachment":"scroll","background-type":"","background-media":"","overlay-type":"","overlay-color":"","overlay-opacity":"","overlay-gradient":""},"mobile":{"background-color":"","background-image":"","background-repeat":"repeat","background-position":"center center","background-size":"auto","background-attachment":"scroll","background-type":"","background-media":"","overlay-type":"","overlay-color":"","overlay-opacity":"","overlay-gradient":""}},"ast-content-background-meta":{"desktop":{"background-color":"var(--ast-global-color-5)","background-image":"","background-repeat":"repeat","background-position":"center center","background-size":"auto","background-attachment":"scroll","background-type":"","background-media":"","overlay-type":"","overlay-color":"","overlay-opacity":"","overlay-gradient":""},"tablet":{"background-color":"var(--ast-global-color-5)","background-image":"","background-repeat":"repeat","background-position":"center center","background-size":"auto","background-attachment":"scroll","background-type":"","background-media":"","overlay-type":"","overlay-color":"","overlay-opacity":"","overlay-gradient":""},"mobile":{"background-color":"var(--ast-global-color-5)","background-image":"","background-repeat":"repeat","background-position":"center center","background-size":"auto","background-attachment":"scroll","background-type":"","background-media":"","overlay-type":"","overlay-color":"","overlay-opacity":"","overlay-gradient":""}},"footnotes":""},"class_list":["post-689","page","type-page","status-publish","hentry"],"uagb_featured_image_src":{"full":false,"thumbnail":false,"medium":false,"medium_large":false,"large":false,"1536x1536":false,"2048x2048":false},"uagb_author_info":{"display_name":"admin","author_link":"http:\/\/www.finansita.lt\/index.php\/author\/admin\/"},"uagb_comment_info":0,"uagb_excerpt":"Apie mus MB \u201eFinansita\u201c \u2013 J\u016bs\u0173 buhalterin\u0117s apskaitos partneris MB \u201eFinansita\u201c \u2013 buhalterin\u0117s apskaitos ir mokes\u010di\u0173 konsultant\u0173 \u012fmon\u0117. S\u0117kmingai dirbame nuo 2004 met\u0173. M\u016bs\u0173 tikslas \u2013 kokybi\u0161ka, ai\u0161ki ir i\u0161sami apskaita, savalaik\u0117 informacija klientui. Naudodami savo \u017einias ir praktik\u0105 siekiame pad\u0117ti verslui priimant sprendimus painioje Lietuvos mokes\u010di\u0173 sistemoje, \u012fvertinti galimus nenumatytus mokes\u010dius ir pasiruo\u0161ti galimiems&hellip;","_links":{"self":[{"href":"http:\/\/www.finansita.lt\/index.php\/wp-json\/wp\/v2\/pages\/689","targetHints":{"allow":["GET"]}}],"collection":[{"href":"http:\/\/www.finansita.lt\/index.php\/wp-json\/wp\/v2\/pages"}],"about":[{"href":"http:\/\/www.finansita.lt\/index.php\/wp-json\/wp\/v2\/types\/page"}],"author":[{"embeddable":true,"href":"http:\/\/www.finansita.lt\/index.php\/wp-json\/wp\/v2\/users\/1"}],"replies":[{"embeddable":true,"href":"http:\/\/www.finansita.lt\/index.php\/wp-json\/wp\/v2\/comments?post=689"}],"version-history":[{"count":29,"href":"http:\/\/www.finansita.lt\/index.php\/wp-json\/wp\/v2\/pages\/689\/revisions"}],"predecessor-version":[{"id":1495,"href":"http:\/\/www.finansita.lt\/index.php\/wp-json\/wp\/v2\/pages\/689\/revisions\/1495"}],"wp:attachment":[{"href":"http:\/\/www.finansita.lt\/index.php\/wp-json\/wp\/v2\/media?parent=689"}],"curies":[{"name":"wp","href":"https:\/\/api.w.org\/{rel}","templated":true}]}}